{"id":459,"date":"2025-03-10T09:38:25","date_gmt":"2025-03-10T08:38:25","guid":{"rendered":"http:\/\/lyulewc.cluster100.hosting.ovh.net\/?page_id=459"},"modified":"2025-03-26T15:59:27","modified_gmt":"2025-03-26T14:59:27","slug":"le-maitrank","status":"publish","type":"page","link":"https:\/\/royale-confrerie-maitrank.be\/index.php\/le-maitrank\/","title":{"rendered":"Le Maitrank"},"content":{"rendered":"\t\t<div data-elementor-type=\"wp-page\" data-elementor-id=\"459\" class=\"elementor elementor-459\" data-elementor-post-type=\"page\">\n\t\t\t\t<div class=\"elementor-element elementor-element-198ed499 e-con-full e-flex e-con e-parent\" data-id=\"198ed499\" data-element_type=\"container\" data-settings=\"{&quot;background_background&quot;:&quot;classic&quot;}\">\n\t\t\t\t<\/div>\n\t\t<div class=\"elementor-element elementor-element-3ecb04fc e-con-full e-flex e-con e-parent\" data-id=\"3ecb04fc\" data-element_type=\"container\" data-settings=\"{&quot;background_background&quot;:&quot;classic&quot;}\">\n\t\t\t\t<div class=\"elementor-element elementor-element-3ae910d1 elementor-widget elementor-widget-heading\" data-id=\"3ae910d1\" data-element_type=\"widget\" data-widget_type=\"heading.default\">\n\t\t\t\t<div class=\"elementor-widget-container\">\n\t\t\t\t\t<h1 class=\"elementor-heading-title elementor-size-default\">Le Maitrank<\/h1>\t\t\t\t<\/div>\n\t\t\t\t<\/div>\n\t\t\t\t<\/div>\n\t\t<div class=\"elementor-element elementor-element-2480a202 e-flex e-con-boxed e-con e-parent\" data-id=\"2480a202\" data-element_type=\"container\" data-settings=\"{&quot;background_background&quot;:&quot;classic&quot;}\">\n\t\t\t\t\t<div class=\"e-con-inner\">\n\t\t<div class=\"elementor-element elementor-element-320dc7d1 e-con-full e-flex e-con e-child\" data-id=\"320dc7d1\" data-element_type=\"container\">\n\t\t\t\t<div class=\"elementor-element elementor-element-698afb43 elementor-widget-tablet__width-inherit elementor-invisible elementor-widget elementor-widget-heading\" data-id=\"698afb43\" data-element_type=\"widget\" data-settings=\"{&quot;_animation&quot;:&quot;fadeIn&quot;}\" data-widget_type=\"heading.default\">\n\t\t\t\t<div class=\"elementor-widget-container\">\n\t\t\t\t\t<h2 class=\"elementor-heading-title elementor-size-default\">Son Histoire<\/h2>\t\t\t\t<\/div>\n\t\t\t\t<\/div>\n\t\t<div class=\"elementor-element elementor-element-ffd7c7f e-con-full e-flex e-con e-child\" data-id=\"ffd7c7f\" data-element_type=\"container\">\n\t\t\t\t<div class=\"elementor-element elementor-element-222ae41d elementor-widget-tablet__width-initial elementor-widget-mobile__width-inherit elementor-widget elementor-widget-text-editor\" data-id=\"222ae41d\" data-element_type=\"widget\" data-widget_type=\"text-editor.default\">\n\t\t\t\t<div class=\"elementor-widget-container\">\n\t\t\t\t\t\t\t\t\t<p>\u00c0 Arlon, le Maitrank, ou \u00ab\u00a0boisson de mai\u00a0\u00bb en francique-mosellan, est un tr\u00e9sor du patrimoine local. N\u00e9 au IXe si\u00e8cle dans les \u00e9crits des moines de Pr\u00fcm, qui mac\u00e9raient l\u2019asp\u00e9rule odorante dans le vin pour ses vertus m\u00e9dicinales, il a travers\u00e9 les \u00e2ges. D\u00e9laiss\u00e9 avec le temps, il rena\u00eet dans les ann\u00e9es 50 gr\u00e2ce \u00e0 Andr\u00e9 Arend, m\u00e9decin g\u00e9n\u00e9reux, et Georges Bestgen, marchand de vins. En sucrant la recette et y ajoutant orange et cognac, ils redonnent vie \u00e0 cet ap\u00e9ritif. D\u00e9gust\u00e9 dans les caves et caf\u00e9s d\u2019Arlon, le Maitrank s\u2019impose comme une fiert\u00e9 r\u00e9gionale.<\/p>\t\t\t\t\t\t\t\t<\/div>\n\t\t\t\t<\/div>\n\t\t\t\t<div class=\"elementor-element elementor-element-3ac5e0c6 elementor-widget elementor-widget-button\" data-id=\"3ac5e0c6\" data-element_type=\"widget\" data-widget_type=\"button.default\">\n\t\t\t\t<div class=\"elementor-widget-container\">\n\t\t\t\t\t\t\t\t\t<div class=\"elementor-button-wrapper\">\n\t\t\t\t\t<a class=\"elementor-button elementor-button-link elementor-size-sm\" href=\"http:\/\/royale-confrerie-maitrank.be\/index.php\/le-maitrank\/histoire-du-maitrank\/\">\n\t\t\t\t\t\t<span class=\"elementor-button-content-wrapper\">\n\t\t\t\t\t\t<span class=\"elementor-button-icon\">\n\t\t\t\t<svg aria-hidden=\"true\" class=\"e-font-icon-svg e-fas-angle-double-right\" viewBox=\"0 0 448 512\" xmlns=\"http:\/\/www.w3.org\/2000\/svg\"><path d=\"M224.3 273l-136 136c-9.4 9.4-24.6 9.4-33.9 0l-22.6-22.6c-9.4-9.4-9.4-24.6 0-33.9l96.4-96.4-96.4-96.4c-9.4-9.4-9.4-24.6 0-33.9L54.3 103c9.4-9.4 24.6-9.4 33.9 0l136 136c9.5 9.4 9.5 24.6.1 34zm192-34l-136-136c-9.4-9.4-24.6-9.4-33.9 0l-22.6 22.6c-9.4 9.4-9.4 24.6 0 33.9l96.4 96.4-96.4 96.4c-9.4 9.4-9.4 24.6 0 33.9l22.6 22.6c9.4 9.4 24.6 9.4 33.9 0l136-136c9.4-9.2 9.4-24.4 0-33.8z\"><\/path><\/svg>\t\t\t<\/span>\n\t\t\t\t\t\t\t\t\t<span class=\"elementor-button-text\">D\u00e9couvrir toute l\u2019histoire<\/span>\n\t\t\t\t\t<\/span>\n\t\t\t\t\t<\/a>\n\t\t\t\t<\/div>\n\t\t\t\t\t\t\t\t<\/div>\n\t\t\t\t<\/div>\n\t\t\t\t<\/div>\n\t\t\t\t<\/div>\n\t\t<div class=\"elementor-element elementor-element-10ec1847 e-con-full e-flex e-con e-child\" data-id=\"10ec1847\" data-element_type=\"container\">\n\t\t\t\t<div class=\"elementor-element elementor-element-4712a72e elementor-widget elementor-widget-image\" data-id=\"4712a72e\" data-element_type=\"widget\" data-widget_type=\"image.default\">\n\t\t\t\t<div class=\"elementor-widget-container\">\n\t\t\t\t\t\t\t\t\t\t\t\t\t\t\t<img fetchpriority=\"high\" decoding=\"async\" width=\"960\" height=\"1280\" src=\"https:\/\/royale-confrerie-maitrank.be\/wp-content\/uploads\/2025\/03\/royale-confrerie-maitrank_960x1280.webp\" class=\"attachment-full size-full wp-image-554\" alt=\"Deux verres de Maitrank\" srcset=\"https:\/\/royale-confrerie-maitrank.be\/wp-content\/uploads\/2025\/03\/royale-confrerie-maitrank_960x1280.webp 960w, https:\/\/royale-confrerie-maitrank.be\/wp-content\/uploads\/2025\/03\/royale-confrerie-maitrank_960x1280-225x300.webp 225w, https:\/\/royale-confrerie-maitrank.be\/wp-content\/uploads\/2025\/03\/royale-confrerie-maitrank_960x1280-768x1024.webp 768w\" sizes=\"(max-width: 960px) 100vw, 960px\" \/>\t\t\t\t\t\t\t\t\t\t\t\t\t\t\t<\/div>\n\t\t\t\t<\/div>\n\t\t\t\t<\/div>\n\t\t\t\t\t<\/div>\n\t\t\t\t<\/div>\n\t\t<div class=\"elementor-element elementor-element-6173d673 e-flex e-con-boxed e-con e-parent\" data-id=\"6173d673\" data-element_type=\"container\" data-settings=\"{&quot;background_background&quot;:&quot;classic&quot;}\">\n\t\t\t\t\t<div class=\"e-con-inner\">\n\t\t<div class=\"elementor-element elementor-element-7c4376a4 e-con-full e-flex e-con e-child\" data-id=\"7c4376a4\" data-element_type=\"container\">\n\t\t\t\t<div class=\"elementor-element elementor-element-2117f466 elementor-widget-tablet__width-inherit elementor-invisible elementor-widget elementor-widget-heading\" data-id=\"2117f466\" data-element_type=\"widget\" data-settings=\"{&quot;_animation&quot;:&quot;fadeIn&quot;}\" data-widget_type=\"heading.default\">\n\t\t\t\t<div class=\"elementor-widget-container\">\n\t\t\t\t\t<h2 class=\"elementor-heading-title elementor-size-default\">L'Asp\u00e9rule<\/h2>\t\t\t\t<\/div>\n\t\t\t\t<\/div>\n\t\t<div class=\"elementor-element elementor-element-7ffe829b e-con-full e-flex e-con e-child\" data-id=\"7ffe829b\" data-element_type=\"container\">\n\t\t\t\t<div class=\"elementor-element elementor-element-6ff0f371 elementor-widget-tablet__width-initial elementor-widget-mobile__width-inherit elementor-widget elementor-widget-text-editor\" data-id=\"6ff0f371\" data-element_type=\"widget\" data-widget_type=\"text-editor.default\">\n\t\t\t\t<div class=\"elementor-widget-container\">\n\t\t\t\t\t\t\t\t\tSurnomm\u00e9e Reine des Bois, l\u2019<span style=\"font-weight: 600;\">asp\u00e9rule odorante<\/span> est l\u2019\u00e2me du Maitrank. Cette plante printani\u00e8re des h\u00eatraies, aux fragrances de vanille et de foin frais, est cueillie fin avril en Pays d\u2019Arlon pour mac\u00e9rer dans le vin de Moselle. Mentionn\u00e9e d\u00e8s 854 par le moine Wandalbert de Pr\u00fcm, elle \u00e9tait pris\u00e9e au Moyen \u00c2ge pour ses vertus m\u00e9dicinales \u2013 du foie au c\u0153ur \u2013 et sa magie olfactive. Relanc\u00e9e artisanalement, elle distingue le vrai Maitrank, un tr\u00e9sor jalousement gard\u00e9.\t\t\t\t\t\t\t\t<\/div>\n\t\t\t\t<\/div>\n\t\t\t\t<div class=\"elementor-element elementor-element-7729c977 elementor-widget elementor-widget-button\" data-id=\"7729c977\" data-element_type=\"widget\" data-widget_type=\"button.default\">\n\t\t\t\t<div class=\"elementor-widget-container\">\n\t\t\t\t\t\t\t\t\t<div class=\"elementor-button-wrapper\">\n\t\t\t\t\t<a class=\"elementor-button elementor-button-link elementor-size-sm\" href=\"http:\/\/royale-confrerie-maitrank.be\/index.php\/le-maitrank\/lasperule\/\">\n\t\t\t\t\t\t<span class=\"elementor-button-content-wrapper\">\n\t\t\t\t\t\t<span class=\"elementor-button-icon\">\n\t\t\t\t<svg aria-hidden=\"true\" class=\"e-font-icon-svg e-fas-angle-double-right\" viewBox=\"0 0 448 512\" xmlns=\"http:\/\/www.w3.org\/2000\/svg\"><path d=\"M224.3 273l-136 136c-9.4 9.4-24.6 9.4-33.9 0l-22.6-22.6c-9.4-9.4-9.4-24.6 0-33.9l96.4-96.4-96.4-96.4c-9.4-9.4-9.4-24.6 0-33.9L54.3 103c9.4-9.4 24.6-9.4 33.9 0l136 136c9.5 9.4 9.5 24.6.1 34zm192-34l-136-136c-9.4-9.4-24.6-9.4-33.9 0l-22.6 22.6c-9.4 9.4-9.4 24.6 0 33.9l96.4 96.4-96.4 96.4c-9.4 9.4-9.4 24.6 0 33.9l22.6 22.6c9.4 9.4 24.6 9.4 33.9 0l136-136c9.4-9.2 9.4-24.4 0-33.8z\"><\/path><\/svg>\t\t\t<\/span>\n\t\t\t\t\t\t\t\t\t<span class=\"elementor-button-text\">Tout savoir sur l'Asp\u00e9rule<\/span>\n\t\t\t\t\t<\/span>\n\t\t\t\t\t<\/a>\n\t\t\t\t<\/div>\n\t\t\t\t\t\t\t\t<\/div>\n\t\t\t\t<\/div>\n\t\t\t\t<\/div>\n\t\t\t\t<\/div>\n\t\t<div class=\"elementor-element elementor-element-9206326 e-con-full e-flex e-con e-child\" data-id=\"9206326\" data-element_type=\"container\">\n\t\t\t\t<div class=\"elementor-element elementor-element-6bdb60d1 elementor-widget elementor-widget-image\" data-id=\"6bdb60d1\" data-element_type=\"widget\" data-widget_type=\"image.default\">\n\t\t\t\t<div class=\"elementor-widget-container\">\n\t\t\t\t\t\t\t\t\t\t\t\t\t\t\t<img decoding=\"async\" width=\"960\" height=\"1280\" src=\"https:\/\/royale-confrerie-maitrank.be\/wp-content\/uploads\/2025\/03\/royale-confrerie-maitrank-aspirule_960x1280.webp\" class=\"attachment-full size-full wp-image-556\" alt=\"Asp\u00e9rule\" srcset=\"https:\/\/royale-confrerie-maitrank.be\/wp-content\/uploads\/2025\/03\/royale-confrerie-maitrank-aspirule_960x1280.webp 960w, https:\/\/royale-confrerie-maitrank.be\/wp-content\/uploads\/2025\/03\/royale-confrerie-maitrank-aspirule_960x1280-225x300.webp 225w, https:\/\/royale-confrerie-maitrank.be\/wp-content\/uploads\/2025\/03\/royale-confrerie-maitrank-aspirule_960x1280-768x1024.webp 768w\" sizes=\"(max-width: 960px) 100vw, 960px\" \/>\t\t\t\t\t\t\t\t\t\t\t\t\t\t\t<\/div>\n\t\t\t\t<\/div>\n\t\t\t\t<\/div>\n\t\t\t\t\t<\/div>\n\t\t\t\t<\/div>\n\t\t<div class=\"elementor-element elementor-element-2cc3120d e-flex e-con-boxed e-con e-parent\" data-id=\"2cc3120d\" data-element_type=\"container\" data-settings=\"{&quot;background_background&quot;:&quot;classic&quot;}\">\n\t\t\t\t\t<div class=\"e-con-inner\">\n\t\t<div class=\"elementor-element elementor-element-2425ca49 e-con-full e-flex e-con e-child\" data-id=\"2425ca49\" data-element_type=\"container\">\n\t\t\t\t<div class=\"elementor-element elementor-element-6a0ebb71 elementor-widget-tablet__width-inherit elementor-invisible elementor-widget elementor-widget-heading\" data-id=\"6a0ebb71\" data-element_type=\"widget\" data-settings=\"{&quot;_animation&quot;:&quot;fadeIn&quot;}\" data-widget_type=\"heading.default\">\n\t\t\t\t<div class=\"elementor-widget-container\">\n\t\t\t\t\t<h2 class=\"elementor-heading-title elementor-size-default\">Le Vin de Moselle<\/h2>\t\t\t\t<\/div>\n\t\t\t\t<\/div>\n\t\t<div class=\"elementor-element elementor-element-60e7b8e8 e-con-full e-flex e-con e-child\" data-id=\"60e7b8e8\" data-element_type=\"container\">\n\t\t\t\t<div class=\"elementor-element elementor-element-5fab2a11 elementor-widget-tablet__width-initial elementor-widget-mobile__width-inherit elementor-widget elementor-widget-text-editor\" data-id=\"5fab2a11\" data-element_type=\"widget\" data-widget_type=\"text-editor.default\">\n\t\t\t\t<div class=\"elementor-widget-container\">\n\t\t\t\t\t\t\t\t\tFort de 2000 ans de viticulture, le vignoble de la Moselle luxembourgeoise offre des vins de caract\u00e8re, n\u00e9s d\u2019un sol fertile et du savoir-faire ancestral des vignerons. Parmi eux, l\u2019<span style=\"font-weight: 600;\">Elbling<\/span>, c\u00e9page sec et l\u00e9ger \u00e0 l\u2019acidit\u00e9 \u00e9quilibr\u00e9e, s\u2019impose comme la base id\u00e9ale du Maitrank d\u2019Arlon. Sa fra\u00eecheur typique se marie parfaitement \u00e0 l\u2019asp\u00e9rule odorante, cr\u00e9ant ce divin breuvage qui c\u00e9l\u00e8bre notre terroir.\t\t\t\t\t\t\t\t<\/div>\n\t\t\t\t<\/div>\n\t\t\t\t<div class=\"elementor-element elementor-element-9ee168a elementor-widget elementor-widget-button\" data-id=\"9ee168a\" data-element_type=\"widget\" data-widget_type=\"button.default\">\n\t\t\t\t<div class=\"elementor-widget-container\">\n\t\t\t\t\t\t\t\t\t<div class=\"elementor-button-wrapper\">\n\t\t\t\t\t<a class=\"elementor-button elementor-button-link elementor-size-sm\" href=\"http:\/\/royale-confrerie-maitrank.be\/index.php\/le-maitrank\/le-vin-de-moselle\/\">\n\t\t\t\t\t\t<span class=\"elementor-button-content-wrapper\">\n\t\t\t\t\t\t<span class=\"elementor-button-icon\">\n\t\t\t\t<svg aria-hidden=\"true\" class=\"e-font-icon-svg e-fas-angle-double-right\" viewBox=\"0 0 448 512\" xmlns=\"http:\/\/www.w3.org\/2000\/svg\"><path d=\"M224.3 273l-136 136c-9.4 9.4-24.6 9.4-33.9 0l-22.6-22.6c-9.4-9.4-9.4-24.6 0-33.9l96.4-96.4-96.4-96.4c-9.4-9.4-9.4-24.6 0-33.9L54.3 103c9.4-9.4 24.6-9.4 33.9 0l136 136c9.5 9.4 9.5 24.6.1 34zm192-34l-136-136c-9.4-9.4-24.6-9.4-33.9 0l-22.6 22.6c-9.4 9.4-9.4 24.6 0 33.9l96.4 96.4-96.4 96.4c-9.4 9.4-9.4 24.6 0 33.9l22.6 22.6c9.4 9.4 24.6 9.4 33.9 0l136-136c9.4-9.2 9.4-24.4 0-33.8z\"><\/path><\/svg>\t\t\t<\/span>\n\t\t\t\t\t\t\t\t\t<span class=\"elementor-button-text\">D\u00e9couvrir le Vin de Moselle<\/span>\n\t\t\t\t\t<\/span>\n\t\t\t\t\t<\/a>\n\t\t\t\t<\/div>\n\t\t\t\t\t\t\t\t<\/div>\n\t\t\t\t<\/div>\n\t\t\t\t<\/div>\n\t\t\t\t<\/div>\n\t\t<div class=\"elementor-element elementor-element-fdf8c8 e-con-full e-flex e-con e-child\" data-id=\"fdf8c8\" data-element_type=\"container\">\n\t\t\t\t<div class=\"elementor-element elementor-element-175f2bf1 elementor-widget elementor-widget-image\" data-id=\"175f2bf1\" data-element_type=\"widget\" data-widget_type=\"image.default\">\n\t\t\t\t<div class=\"elementor-widget-container\">\n\t\t\t\t\t\t\t\t\t\t\t\t\t\t\t<img decoding=\"async\" width=\"850\" height=\"1280\" src=\"https:\/\/royale-confrerie-maitrank.be\/wp-content\/uploads\/2025\/03\/royale-confrerie-maitrank-vin-moselle_850x1280.webp\" class=\"attachment-full size-full wp-image-560\" alt=\"\" srcset=\"https:\/\/royale-confrerie-maitrank.be\/wp-content\/uploads\/2025\/03\/royale-confrerie-maitrank-vin-moselle_850x1280.webp 850w, https:\/\/royale-confrerie-maitrank.be\/wp-content\/uploads\/2025\/03\/royale-confrerie-maitrank-vin-moselle_850x1280-199x300.webp 199w, https:\/\/royale-confrerie-maitrank.be\/wp-content\/uploads\/2025\/03\/royale-confrerie-maitrank-vin-moselle_850x1280-680x1024.webp 680w, https:\/\/royale-confrerie-maitrank.be\/wp-content\/uploads\/2025\/03\/royale-confrerie-maitrank-vin-moselle_850x1280-768x1157.webp 768w\" sizes=\"(max-width: 850px) 100vw, 850px\" \/>\t\t\t\t\t\t\t\t\t\t\t\t\t\t\t<\/div>\n\t\t\t\t<\/div>\n\t\t\t\t<\/div>\n\t\t\t\t\t<\/div>\n\t\t\t\t<\/div>\n\t\t<div class=\"elementor-element elementor-element-39818190 e-flex e-con-boxed e-con e-parent\" data-id=\"39818190\" data-element_type=\"container\" data-settings=\"{&quot;background_background&quot;:&quot;classic&quot;}\">\n\t\t\t\t\t<div class=\"e-con-inner\">\n\t\t<div class=\"elementor-element elementor-element-57de7ccd e-con-full e-flex e-con e-child\" data-id=\"57de7ccd\" data-element_type=\"container\">\n\t\t\t\t<div class=\"elementor-element elementor-element-4b8de43b elementor-widget-tablet__width-inherit elementor-invisible elementor-widget elementor-widget-heading\" data-id=\"4b8de43b\" data-element_type=\"widget\" data-settings=\"{&quot;_animation&quot;:&quot;fadeIn&quot;}\" data-widget_type=\"heading.default\">\n\t\t\t\t<div class=\"elementor-widget-container\">\n\t\t\t\t\t<h2 class=\"elementor-heading-title elementor-size-default\">La recette du Maitrank<\/h2>\t\t\t\t<\/div>\n\t\t\t\t<\/div>\n\t\t<div class=\"elementor-element elementor-element-601c7d8f e-con-full e-flex e-con e-child\" data-id=\"601c7d8f\" data-element_type=\"container\">\n\t\t\t\t<div class=\"elementor-element elementor-element-7d2020e2 elementor-widget-tablet__width-initial elementor-widget-mobile__width-inherit elementor-widget elementor-widget-text-editor\" data-id=\"7d2020e2\" data-element_type=\"widget\" data-widget_type=\"text-editor.default\">\n\t\t\t\t<div class=\"elementor-widget-container\">\n\t\t\t\t\t\t\t\t\tLe Maitrank n\u2019a pas de recette unique, mais des incontournables : vin blanc sec de Moselle (souvent Elbling), asp\u00e9rule odorante cueillie avant floraison (10-18 brins par litre), sucre (8-12 morceaux) et orange en rondelles. Certains y ajoutent cognac, porto ou cannelle pour une touche personnelle. Apr\u00e8s 48h de mac\u00e9ration dans un pot de gr\u00e8s, on filtre, on sert frais avec une rondelle d\u2019orange \u2013 et on savoure ce breuvage artisanal \u00e0 son go\u00fbt !\t\t\t\t\t\t\t\t<\/div>\n\t\t\t\t<\/div>\n\t\t\t\t<div class=\"elementor-element elementor-element-51cce98d elementor-widget elementor-widget-button\" data-id=\"51cce98d\" data-element_type=\"widget\" data-widget_type=\"button.default\">\n\t\t\t\t<div class=\"elementor-widget-container\">\n\t\t\t\t\t\t\t\t\t<div class=\"elementor-button-wrapper\">\n\t\t\t\t\t<a class=\"elementor-button elementor-button-link elementor-size-sm\" href=\"http:\/\/royale-confrerie-maitrank.be\/index.php\/le-maitrank\/recette-du-maitrank\/\">\n\t\t\t\t\t\t<span class=\"elementor-button-content-wrapper\">\n\t\t\t\t\t\t<span class=\"elementor-button-icon\">\n\t\t\t\t<svg aria-hidden=\"true\" class=\"e-font-icon-svg e-fas-angle-double-right\" viewBox=\"0 0 448 512\" xmlns=\"http:\/\/www.w3.org\/2000\/svg\"><path d=\"M224.3 273l-136 136c-9.4 9.4-24.6 9.4-33.9 0l-22.6-22.6c-9.4-9.4-9.4-24.6 0-33.9l96.4-96.4-96.4-96.4c-9.4-9.4-9.4-24.6 0-33.9L54.3 103c9.4-9.4 24.6-9.4 33.9 0l136 136c9.5 9.4 9.5 24.6.1 34zm192-34l-136-136c-9.4-9.4-24.6-9.4-33.9 0l-22.6 22.6c-9.4 9.4-9.4 24.6 0 33.9l96.4 96.4-96.4 96.4c-9.4 9.4-9.4 24.6 0 33.9l22.6 22.6c9.4 9.4 24.6 9.4 33.9 0l136-136c9.4-9.2 9.4-24.4 0-33.8z\"><\/path><\/svg>\t\t\t<\/span>\n\t\t\t\t\t\t\t\t\t<span class=\"elementor-button-text\">En savoir plus sur sa Recette<\/span>\n\t\t\t\t\t<\/span>\n\t\t\t\t\t<\/a>\n\t\t\t\t<\/div>\n\t\t\t\t\t\t\t\t<\/div>\n\t\t\t\t<\/div>\n\t\t\t\t<\/div>\n\t\t\t\t<\/div>\n\t\t<div class=\"elementor-element elementor-element-6f6d9479 e-con-full e-flex e-con e-child\" data-id=\"6f6d9479\" data-element_type=\"container\">\n\t\t\t\t<div class=\"elementor-element elementor-element-522edb90 elementor-widget elementor-widget-image\" data-id=\"522edb90\" data-element_type=\"widget\" data-widget_type=\"image.default\">\n\t\t\t\t<div class=\"elementor-widget-container\">\n\t\t\t\t\t\t\t\t\t\t\t\t\t\t\t<img loading=\"lazy\" decoding=\"async\" width=\"768\" height=\"1024\" src=\"https:\/\/royale-confrerie-maitrank.be\/wp-content\/uploads\/2025\/03\/royale-confrerie-maitrank-aspirule_960x1280-768x1024.webp\" class=\"attachment-large size-large wp-image-556\" alt=\"Asp\u00e9rule\" srcset=\"https:\/\/royale-confrerie-maitrank.be\/wp-content\/uploads\/2025\/03\/royale-confrerie-maitrank-aspirule_960x1280-768x1024.webp 768w, https:\/\/royale-confrerie-maitrank.be\/wp-content\/uploads\/2025\/03\/royale-confrerie-maitrank-aspirule_960x1280-225x300.webp 225w, https:\/\/royale-confrerie-maitrank.be\/wp-content\/uploads\/2025\/03\/royale-confrerie-maitrank-aspirule_960x1280.webp 960w\" sizes=\"(max-width: 768px) 100vw, 768px\" \/>\t\t\t\t\t\t\t\t\t\t\t\t\t\t\t<\/div>\n\t\t\t\t<\/div>\n\t\t\t\t<\/div>\n\t\t\t\t\t<\/div>\n\t\t\t\t<\/div>\n\t\t\t\t<\/div>\n\t\t","protected":false},"excerpt":{"rendered":"<p>Le Maitrank Son Histoire \u00c0 Arlon, le Maitrank, ou \u00ab\u00a0boisson de mai\u00a0\u00bb en francique-mosellan, est un tr\u00e9sor du patrimoine local. N\u00e9 au IXe si\u00e8cle dans les \u00e9crits des moines de Pr\u00fcm, qui mac\u00e9raient l\u2019asp\u00e9rule odorante dans le vin pour ses vertus m\u00e9dicinales, il a travers\u00e9 les \u00e2ges. D\u00e9laiss\u00e9 avec le temps, il rena\u00eet dans les [&hellip;]<\/p>\n","protected":false},"author":1,"featured_media":0,"parent":0,"menu_order":0,"comment_status":"closed","ping_status":"closed","template":"","meta":{"_acf_changed":false,"footnotes":""},"class_list":["post-459","page","type-page","status-publish","hentry"],"acf":[],"_links":{"self":[{"href":"https:\/\/royale-confrerie-maitrank.be\/index.php\/wp-json\/wp\/v2\/pages\/459","targetHints":{"allow":["GET"]}}],"collection":[{"href":"https:\/\/royale-confrerie-maitrank.be\/index.php\/wp-json\/wp\/v2\/pages"}],"about":[{"href":"https:\/\/royale-confrerie-maitrank.be\/index.php\/wp-json\/wp\/v2\/types\/page"}],"author":[{"embeddable":true,"href":"https:\/\/royale-confrerie-maitrank.be\/index.php\/wp-json\/wp\/v2\/users\/1"}],"replies":[{"embeddable":true,"href":"https:\/\/royale-confrerie-maitrank.be\/index.php\/wp-json\/wp\/v2\/comments?post=459"}],"version-history":[{"count":22,"href":"https:\/\/royale-confrerie-maitrank.be\/index.php\/wp-json\/wp\/v2\/pages\/459\/revisions"}],"predecessor-version":[{"id":1038,"href":"https:\/\/royale-confrerie-maitrank.be\/index.php\/wp-json\/wp\/v2\/pages\/459\/revisions\/1038"}],"wp:attachment":[{"href":"https:\/\/royale-confrerie-maitrank.be\/index.php\/wp-json\/wp\/v2\/media?parent=459"}],"curies":[{"name":"wp","href":"https:\/\/api.w.org\/{rel}","templated":true}]}}