{"id":715,"date":"2025-03-14T07:53:49","date_gmt":"2025-03-14T06:53:49","guid":{"rendered":"http:\/\/lyulewc.cluster100.hosting.ovh.net\/?page_id=715"},"modified":"2025-03-14T15:53:36","modified_gmt":"2025-03-14T14:53:36","slug":"cochonnailles","status":"publish","type":"page","link":"https:\/\/royale-confrerie-maitrank.be\/index.php\/programme\/cochonnailles\/","title":{"rendered":"Cochonnailles"},"content":{"rendered":"\t\t<div data-elementor-type=\"wp-page\" data-elementor-id=\"715\" class=\"elementor elementor-715\" data-elementor-post-type=\"page\">\n\t\t\t\t<div class=\"elementor-element elementor-element-12ef10a6 e-con-full e-flex e-con e-parent\" data-id=\"12ef10a6\" data-element_type=\"container\" data-settings=\"{&quot;background_background&quot;:&quot;classic&quot;}\">\n\t\t\t\t<\/div>\n\t\t<div class=\"elementor-element elementor-element-65d33a3e e-con-full e-flex e-con e-parent\" data-id=\"65d33a3e\" data-element_type=\"container\" data-settings=\"{&quot;background_background&quot;:&quot;classic&quot;}\">\n\t\t\t\t<div class=\"elementor-element elementor-element-7854d161 elementor-widget elementor-widget-heading\" data-id=\"7854d161\" data-element_type=\"widget\" data-widget_type=\"heading.default\">\n\t\t\t\t<div class=\"elementor-widget-container\">\n\t\t\t\t\t<h1 class=\"elementor-heading-title elementor-size-default\">Le Repas Cochonnailles<\/h1>\t\t\t\t<\/div>\n\t\t\t\t<\/div>\n\t\t\t\t<\/div>\n\t\t<div class=\"elementor-element elementor-element-36d556c7 e-flex e-con-boxed e-con e-parent\" data-id=\"36d556c7\" data-element_type=\"container\">\n\t\t\t\t\t<div class=\"e-con-inner\">\n\t\t\t\t<div class=\"elementor-element elementor-element-59387c2c elementor-position-left elementor-view-default elementor-mobile-position-top elementor-vertical-align-top elementor-widget elementor-widget-icon-box\" data-id=\"59387c2c\" data-element_type=\"widget\" data-widget_type=\"icon-box.default\">\n\t\t\t\t<div class=\"elementor-widget-container\">\n\t\t\t\t\t\t\t<div class=\"elementor-icon-box-wrapper\">\n\n\t\t\t\t\t\t<div class=\"elementor-icon-box-icon\">\n\t\t\t\t<span  class=\"elementor-icon\">\n\t\t\t\t<svg aria-hidden=\"true\" class=\"e-font-icon-svg e-far-calendar-alt\" viewBox=\"0 0 448 512\" xmlns=\"http:\/\/www.w3.org\/2000\/svg\"><path d=\"M148 288h-40c-6.6 0-12-5.4-12-12v-40c0-6.6 5.4-12 12-12h40c6.6 0 12 5.4 12 12v40c0 6.6-5.4 12-12 12zm108-12v-40c0-6.6-5.4-12-12-12h-40c-6.6 0-12 5.4-12 12v40c0 6.6 5.4 12 12 12h40c6.6 0 12-5.4 12-12zm96 0v-40c0-6.6-5.4-12-12-12h-40c-6.6 0-12 5.4-12 12v40c0 6.6 5.4 12 12 12h40c6.6 0 12-5.4 12-12zm-96 96v-40c0-6.6-5.4-12-12-12h-40c-6.6 0-12 5.4-12 12v40c0 6.6 5.4 12 12 12h40c6.6 0 12-5.4 12-12zm-96 0v-40c0-6.6-5.4-12-12-12h-40c-6.6 0-12 5.4-12 12v40c0 6.6 5.4 12 12 12h40c6.6 0 12-5.4 12-12zm192 0v-40c0-6.6-5.4-12-12-12h-40c-6.6 0-12 5.4-12 12v40c0 6.6 5.4 12 12 12h40c6.6 0 12-5.4 12-12zm96-260v352c0 26.5-21.5 48-48 48H48c-26.5 0-48-21.5-48-48V112c0-26.5 21.5-48 48-48h48V12c0-6.6 5.4-12 12-12h40c6.6 0 12 5.4 12 12v52h128V12c0-6.6 5.4-12 12-12h40c6.6 0 12 5.4 12 12v52h48c26.5 0 48 21.5 48 48zm-48 346V160H48v298c0 3.3 2.7 6 6 6h340c3.3 0 6-2.7 6-6z\"><\/path><\/svg>\t\t\t\t<\/span>\n\t\t\t<\/div>\n\t\t\t\n\t\t\t\t\t\t<div class=\"elementor-icon-box-content\">\n\n\t\t\t\t\t\t\t\t\t<p class=\"elementor-icon-box-title\">\n\t\t\t\t\t\t<span  >\n\t\t\t\t\t\t\tSeptembre\t\t\t\t\t\t<\/span>\n\t\t\t\t\t<\/p>\n\t\t\t\t\n\t\t\t\t\n\t\t\t<\/div>\n\t\t\t\n\t\t<\/div>\n\t\t\t\t\t\t<\/div>\n\t\t\t\t<\/div>\n\t\t\t\t<div class=\"elementor-element elementor-element-5537399c elementor-widget elementor-widget-text-editor\" data-id=\"5537399c\" data-element_type=\"widget\" data-widget_type=\"text-editor.default\">\n\t\t\t\t<div class=\"elementor-widget-container\">\n\t\t\t\t\t\t\t\t\t<p>Dans le terme \u00ab confr\u00e9rie \u00bb on trouve le m\u00eame radical que dans le mot \u00ab fraternit\u00e9 \u00bb. C&rsquo;est pourquoi la confr\u00e9rie du Maitrank, comme d&rsquo;autres d&rsquo;ailleurs, s&rsquo;est dot\u00e9e d&rsquo;un objectif philanthropique qui consiste \u00e0 aider financi\u00e8rement des associations caritatives. Pour trouver de l\u2019argent, nous pratiquons de deux fa\u00e7ons. La premi\u00e8re consiste \u00e0 pr\u00e9lever la moiti\u00e9 du montant total des cotisations pour le donner \u00e0 ces associations. La deuxi\u00e8me est l&rsquo;organisation annuelle d&rsquo;un grand barbecue.<br \/>C&rsquo;est au cours de la r\u00e9union du Grand Conseil du 4 juin 2004 que le Grand Bailli Bernard VAN der MAREN proposait l&rsquo;organisation d&rsquo;un grand barbecue dont la totalit\u00e9 des b\u00e9n\u00e9fices iraient aux \u0153uvres \u00e0 objectif humanitaire. Son id\u00e9e \u00e9tait approuv\u00e9e \u00e0 l&rsquo;unanimit\u00e9 par le conseil d&rsquo;administration.<\/p><p>La mise en place de cette organisation \u00e9tait confi\u00e9e au Grand Echanson Bob LALOUX. Celui-ci, le colonel BEM retrait\u00e9, avait conserv\u00e9 des contacts privil\u00e9gi\u00e9s avec le monde militaire de la place d&rsquo;Arlon. C&rsquo;est ainsi que, le 19 juin 2005, la confr\u00e9rie organisait son premier barbecue dans le village d&rsquo;ASPERULANGE situ\u00e9 dans le camp militaire de LAGLAND. Le nom de ce village repr\u00e9sentait \u00e9videmment tout un symbole pour notre confr\u00e9rie et il \u00e9tait important pour la confr\u00e9rie qu&rsquo;elle r\u00e9ussisse dans cette nouvelle entreprise. Depuis lors, le Grand Barbecue du MAITRANK a eu lieu tous les ans au mois de juin \u00e0 ASPERULANGE jusqu&rsquo;en 2012.<\/p><p>Pour diverses raisons, entre autres la multiplicit\u00e9 des \u00e9v\u00e9nements festifs en mai et juin \u00e0 ARLON, la confr\u00e9rie a d\u00e9cid\u00e9 de changer la date, le lieu et la nature du repas \u00e0 partir de 2013. Il se tient d\u00e9sormais le dernier dimanche de septembre sur le site de l&rsquo;abbaye cistercienne de CLAIREFONTAINE \u00e0 ARLON gr\u00e2ce \u00e0 la collaboration de l&rsquo;ASBL AMANOCLAIR qui g\u00e8re ce site remarquable. Le barbecue a \u00e9t\u00e9 remplac\u00e9 par un repas de deux cochonnailles au choix des participants. La totalit\u00e9 des b\u00e9n\u00e9fices de ce repas est r\u00e9serv\u00e9e \u00ab aux bonnes \u0153uvres \u00bb.<\/p><p>Gr\u00e2ce \u00e0 ces deux fa\u00e7ons de collecter de l&rsquo;argent, la confr\u00e9rie peut offrir chaque ann\u00e9e environ 5.000 Euros aux plus d\u00e9favoris\u00e9s.<\/p>\t\t\t\t\t\t\t\t<\/div>\n\t\t\t\t<\/div>\n\t\t\t\t\t<\/div>\n\t\t\t\t<\/div>\n\t\t<div class=\"elementor-element elementor-element-3bf0adb e-flex e-con-boxed e-con e-child\" data-id=\"3bf0adb\" data-element_type=\"container\">\n\t\t\t\t\t<div class=\"e-con-inner\">\n\t\t\t\t<div class=\"elementor-element elementor-element-2e80ddd6 elementor-widget elementor-widget-global elementor-global-743 elementor-widget-timeline-widget-addon\" data-id=\"2e80ddd6\" data-element_type=\"widget\" data-widget_type=\"timeline-widget-addon.default\">\n\t\t\t\t<div class=\"elementor-widget-container\">\n\t\t\t\t\t<!-- ========= Timeline Widget  Addon For Elementor 1.6.6 ========= -->\n<div id=\"twae-wrapper-2e80ddd6\" class=\"twae-wrapper twae-horizontal-timeline\">\n<div class=\"twae-wrapper-inside\">\n <div id=\"twae-slider-container-2e80ddd6\" data-dir=\"\" data-slidestoshow=\"6\" data-autoplay=\"false\" data-auto-height=\"true\" class=\"twae-slider-container swiper-container\">\n <div  class=\"twae-slider-wrapper swiper-wrapper no-height\"><!-- Start of Story Repeater Content --><div id=\"twae-article-954297c\" class=\"twae-repeater-item twae-story swiper-slide twae-story-no-icon\"><!-- Story Label --><div class=\"twae-labels\"><div class=\"twae-label-big\">Janvier<\/div><\/div><!-- Story Icon --><div class=\"twae-icon\"><i aria-hidden=\"true\" class=\"far fa-clock\"><\/i><\/div><!-- Story Arrow --><div class=\"twae-arrow\"><\/div><!-- Start of Story Content --><div class=\"twae-content\"><!-- Story Title --><div class=\"twae-title\">\u00c9change de v\u0153ux<\/div><!-- Story Description --><div class=\"twae-description\"><p>Chaque d\u00e9but d'ann\u00e9e, la confr\u00e9rie se r\u00e9unit pour souhaiter une bonne ann\u00e9e \u00e0 ses membres. Un moment chaleureux et convivial o\u00f9 les retrouvailles sont attendues apr\u00e8s plusieurs mois sans activit\u00e9.<\/p><p><a class=\"btn-petit-lire-plus\" href=\"http:\/\/royale-confrerie-maitrank.be\/index.php\/programme\/echange-de-voeux\/\">Lire la suite...<\/a><\/p><\/div><\/div><\/div><!-- Start of Story Repeater Content --><div id=\"twae-article-573f133\" class=\"twae-repeater-item twae-story swiper-slide twae-story-no-icon\"><!-- Story Label --><div class=\"twae-labels\"><div class=\"twae-label-big twae-label-big\">Mars<\/div><\/div><!-- Story Icon --><div class=\"twae-icon\"><i aria-hidden=\"true\" class=\"far fa-clock\"><\/i><\/div><!-- Story Arrow --><div class=\"twae-arrow\"><\/div><!-- Start of Story Content --><div class=\"twae-content\"><!-- Story Title --><div class=\"twae-title twae-title\">Assembl\u00e9e G\u00e9n\u00e9rale<\/div><!-- Story Description --><div class=\"twae-description twae-description\"><p>En tant qu'ASBL, la confr\u00e9rie tient son assembl\u00e9e g\u00e9n\u00e9rale avant le 31 mars. L'occasion de faire le bilan de l'ann\u00e9e \u00e9coul\u00e9e, d'\u00e9lire le conseil d'administration et de partager un moment convivial autour d'un banquet.<\/p><p><a class=\"btn-petit-lire-plus\" href=\"http:\/\/royale-confrerie-maitrank.be\/index.php\/programme\/assemblee-generale\/\">Lire la suite...<\/a><\/p><\/div><\/div><\/div><!-- Start of Story Repeater Content --><div id=\"twae-article-9b24656\" class=\"twae-repeater-item twae-story swiper-slide twae-story-no-icon\"><!-- Story Label --><div class=\"twae-labels\"><div class=\"twae-label-big twae-label-big twae-label-big\">Avril<\/div><\/div><!-- Story Icon --><div class=\"twae-icon\"><i aria-hidden=\"true\" class=\"far fa-clock\"><\/i><\/div><!-- Story Arrow --><div class=\"twae-arrow\"><\/div><!-- Start of Story Content --><div class=\"twae-content\"><!-- Story Title --><div class=\"twae-title twae-title twae-title\">Premier Cru<\/div><!-- Story Description --><div class=\"twae-description twae-description twae-description\"><p>Une d\u00e9gustation exclusive du premier Maitrank de l'ann\u00e9e. Un moment o\u00f9 le Grand Sommelier donne son avis sur la qualit\u00e9 du cru de l'ann\u00e9e avant que tous les membres puissent le savourer.<\/p><p><a class=\"btn-petit-lire-plus\" href=\"http:\/\/royale-confrerie-maitrank.be\/index.php\/programme\/premier-cru\/\">Lire la suite...<\/a><\/p><\/div><\/div><\/div><!-- Start of Story Repeater Content --><div id=\"twae-article-e1f5d41\" class=\"twae-repeater-item twae-story swiper-slide twae-story-no-icon\"><!-- Story Label --><div class=\"twae-labels\"><div class=\"twae-label-big twae-label-big twae-label-big twae-label-big\">Mai<\/div><\/div><!-- Story Icon --><div class=\"twae-icon\"><i aria-hidden=\"true\" class=\"far fa-clock\"><\/i><\/div><!-- Story Arrow --><div class=\"twae-arrow\"><\/div><!-- Start of Story Content --><div class=\"twae-content\"><!-- Story Title --><div class=\"twae-title twae-title twae-title twae-title\">Chapitre<\/div><!-- Story Description --><div class=\"twae-description twae-description twae-description twae-description\"><p>Le grand rassemblement annuel o\u00f9 sont intronis\u00e9s les nouveaux membres et o\u00f9 des confr\u00e8res amis se joignent \u00e0 l'\u00e9v\u00e9nement. Une journ\u00e9e rythm\u00e9e par une messe, une c\u00e9r\u00e9monie et un grand banquet.<\/p><p><a class=\"btn-petit-lire-plus\" href=\"http:\/\/royale-confrerie-maitrank.be\/index.php\/programme\/chapitre\/\">Lire la suite...<\/a><\/p><\/div><\/div><\/div><!-- Start of Story Repeater Content --><div id=\"twae-article-68c72a0\" class=\"twae-repeater-item twae-story swiper-slide twae-story-no-icon\"><!-- Story Label --><div class=\"twae-labels\"><div class=\"twae-label-big twae-label-big twae-label-big twae-label-big twae-label-big\">Mai<\/div><\/div><!-- Story Icon --><div class=\"twae-icon\"><i aria-hidden=\"true\" class=\"far fa-clock\"><\/i><\/div><!-- Story Arrow --><div class=\"twae-arrow\"><\/div><!-- Start of Story Content --><div class=\"twae-content\"><!-- Story Title --><div class=\"twae-title twae-title twae-title twae-title twae-title\">F\u00eates du Maitrank<\/div><!-- Story Description --><div class=\"twae-description twae-description twae-description twae-description twae-description\"><p>Le point culminant des festivit\u00e9s d'Arlon avec une ambiance festive anim\u00e9e par des bals, orchestres et animations de rue. La confr\u00e9rie y tient deux \u00e9choppes pour partager son breuvage avec le public.<\/p><p><a class=\"btn-petit-lire-plus\" href=\"http:\/\/royale-confrerie-maitrank.be\/index.php\/programme\/fetes-du-maitrank\/\">Lire la suite...<\/a><\/p><\/div><\/div><\/div><!-- Start of Story Repeater Content --><div id=\"twae-article-1dc1adc\" class=\"twae-repeater-item twae-story swiper-slide twae-story-no-icon\"><!-- Story Label --><div class=\"twae-labels\"><div class=\"twae-label-big twae-label-big twae-label-big twae-label-big twae-label-big twae-label-big\">Septembre<\/div><\/div><!-- Story Icon --><div class=\"twae-icon\"><i aria-hidden=\"true\" class=\"far fa-clock\"><\/i><\/div><!-- Story Arrow --><div class=\"twae-arrow\"><\/div><!-- Start of Story Content --><div class=\"twae-content\"><!-- Story Title --><div class=\"twae-title twae-title twae-title twae-title twae-title twae-title\">Repas Cochonnailles<\/div><!-- Story Description --><div class=\"twae-description twae-description twae-description twae-description twae-description twae-description\"><p>Un repas convivial organis\u00e9 pour r\u00e9colter des fonds au profit d'associations caritatives. Un \u00e9v\u00e9nement philanthrope et gourmand qui attire chaque ann\u00e9e de nombreux participants.<\/p><p><a class=\"btn-petit-lire-plus\" href=\"http:\/\/royale-confrerie-maitrank.be\/index.php\/programme\/cochonnailles\/\">Lire la suite...<\/a><\/p><\/div><\/div><\/div><\/div><\/div><\/div> <!-- Add Arrows -->\n       <div class=\"twae-button-prev\"><i class=\"fas fa-chevron-left\"><\/i><\/div>\n       <div class=\"twae-button-next\"><i class=\"fas fa-chevron-right\"><\/i><\/div>\n       <div class=\"twae-h-line\"><\/div>\n       <div class=\"twae-line-fill\"><\/div>\n    <\/div><style type=\"text\/css\">@media (max-width: 1024px){ .twae-wrapper{--tw-ybx-size: 75px !important;}}@media (max-width: 767px){ .twae-wrapper{--tw-ybx-size: 75px !important}}<\/style>\t\t\t\t<\/div>\n\t\t\t\t<\/div>\n\t\t\t\t\t<\/div>\n\t\t\t\t<\/div>\n\t\t\t\t<\/div>\n\t\t","protected":false},"excerpt":{"rendered":"<p>Le Repas Cochonnailles Septembre Dans le terme \u00ab confr\u00e9rie \u00bb on trouve le m\u00eame radical que dans le mot \u00ab fraternit\u00e9 \u00bb. C&rsquo;est pourquoi la confr\u00e9rie du Maitrank, comme d&rsquo;autres d&rsquo;ailleurs, s&rsquo;est dot\u00e9e d&rsquo;un objectif philanthropique qui consiste \u00e0 aider financi\u00e8rement des associations caritatives. Pour trouver de l\u2019argent, nous pratiquons de deux fa\u00e7ons. La premi\u00e8re [&hellip;]<\/p>\n","protected":false},"author":1,"featured_media":639,"parent":666,"menu_order":0,"comment_status":"closed","ping_status":"closed","template":"","meta":{"_acf_changed":false,"footnotes":""},"class_list":["post-715","page","type-page","status-publish","has-post-thumbnail","hentry"],"acf":[],"_links":{"self":[{"href":"https:\/\/royale-confrerie-maitrank.be\/index.php\/wp-json\/wp\/v2\/pages\/715","targetHints":{"allow":["GET"]}}],"collection":[{"href":"https:\/\/royale-confrerie-maitrank.be\/index.php\/wp-json\/wp\/v2\/pages"}],"about":[{"href":"https:\/\/royale-confrerie-maitrank.be\/index.php\/wp-json\/wp\/v2\/types\/page"}],"author":[{"embeddable":true,"href":"https:\/\/royale-confrerie-maitrank.be\/index.php\/wp-json\/wp\/v2\/users\/1"}],"replies":[{"embeddable":true,"href":"https:\/\/royale-confrerie-maitrank.be\/index.php\/wp-json\/wp\/v2\/comments?post=715"}],"version-history":[{"count":10,"href":"https:\/\/royale-confrerie-maitrank.be\/index.php\/wp-json\/wp\/v2\/pages\/715\/revisions"}],"predecessor-version":[{"id":1001,"href":"https:\/\/royale-confrerie-maitrank.be\/index.php\/wp-json\/wp\/v2\/pages\/715\/revisions\/1001"}],"up":[{"embeddable":true,"href":"https:\/\/royale-confrerie-maitrank.be\/index.php\/wp-json\/wp\/v2\/pages\/666"}],"wp:featuredmedia":[{"embeddable":true,"href":"https:\/\/royale-confrerie-maitrank.be\/index.php\/wp-json\/wp\/v2\/media\/639"}],"wp:attachment":[{"href":"https:\/\/royale-confrerie-maitrank.be\/index.php\/wp-json\/wp\/v2\/media?parent=715"}],"curies":[{"name":"wp","href":"https:\/\/api.w.org\/{rel}","templated":true}]}}