{"id":850,"date":"2025-03-14T14:06:54","date_gmt":"2025-03-14T13:06:54","guid":{"rendered":"http:\/\/lyulewc.cluster100.hosting.ovh.net\/?page_id=850"},"modified":"2025-03-14T15:31:38","modified_gmt":"2025-03-14T14:31:38","slug":"membres","status":"publish","type":"page","link":"https:\/\/royale-confrerie-maitrank.be\/index.php\/membres\/","title":{"rendered":"Membres"},"content":{"rendered":"\t\t<div data-elementor-type=\"wp-page\" data-elementor-id=\"850\" class=\"elementor elementor-850\" data-elementor-post-type=\"page\">\n\t\t\t\t<div class=\"elementor-element elementor-element-2e76cc55 e-con-full e-flex e-con e-parent\" data-id=\"2e76cc55\" data-element_type=\"container\" data-settings=\"{&quot;background_background&quot;:&quot;classic&quot;}\">\n\t\t\t\t<\/div>\n\t\t<div class=\"elementor-element elementor-element-eb69550 e-con-full e-flex e-con e-parent\" data-id=\"eb69550\" data-element_type=\"container\" data-settings=\"{&quot;background_background&quot;:&quot;classic&quot;}\">\n\t\t\t\t<div class=\"elementor-element elementor-element-679ce69b elementor-widget elementor-widget-heading\" data-id=\"679ce69b\" data-element_type=\"widget\" data-widget_type=\"heading.default\">\n\t\t\t\t<div class=\"elementor-widget-container\">\n\t\t\t\t\t<h1 class=\"elementor-heading-title elementor-size-default\">Les Membres de la Confr\u00e9rie<\/h1>\t\t\t\t<\/div>\n\t\t\t\t<\/div>\n\t\t\t\t<\/div>\n\t\t<div class=\"elementor-element elementor-element-40ff5a2e e-flex e-con-boxed e-con e-parent\" data-id=\"40ff5a2e\" data-element_type=\"container\">\n\t\t\t\t\t<div class=\"e-con-inner\">\n\t\t\t\t<div class=\"elementor-element elementor-element-c79c1c2 elementor-widget elementor-widget-heading\" data-id=\"c79c1c2\" data-element_type=\"widget\" data-widget_type=\"heading.default\">\n\t\t\t\t<div class=\"elementor-widget-container\">\n\t\t\t\t\t<h2 class=\"elementor-heading-title elementor-size-default\">Le Conseil d'Administration<\/h2>\t\t\t\t<\/div>\n\t\t\t\t<\/div>\n\t\t\t\t<div class=\"elementor-element elementor-element-19134b7c elementor-widget elementor-widget-text-editor\" data-id=\"19134b7c\" data-element_type=\"widget\" data-widget_type=\"text-editor.default\">\n\t\t\t\t<div class=\"elementor-widget-container\">\n\t\t\t\t\t\t\t\t\tLa Royale Confr\u00e9rie du Maitrank d\u2019Arlon, en tant qu\u2019ASBL respectant la l\u00e9gislation belge, est pilot\u00e9e par un <span style=\"font-weight: 600;\">Conseil d\u2019Administration<\/span> compos\u00e9 de 16 <span style=\"font-weight: 600;\">Grands \u00c9chansons<\/span>. Ces membres, \u00e9lus pour un mandat de quatre ans renouvelable par moiti\u00e9 tous les deux ans, se r\u00e9unissent mensuellement \u2013 g\u00e9n\u00e9ralement le premier vendredi \u2013 pour attribuer les r\u00f4les et orienter les activit\u00e9s. Un <span style=\"font-weight: 600;\">bureau<\/span>, form\u00e9 des cinq premiers administrateurs (Pr\u00e9sident, 1er Vice-Pr\u00e9sident, Tr\u00e9sorier, Secr\u00e9taire et un Administrateur), prend les d\u00e9cisions urgentes lorsque le conseil ne peut attendre. Leur mission : faire rayonner Arlon \u00e0 travers le Maitrank.\t\t\t\t\t\t\t\t<\/div>\n\t\t\t\t<\/div>\n\t\t\t\t<div class=\"elementor-element elementor-element-1e5e5d10 elementor-widget elementor-widget-button\" data-id=\"1e5e5d10\" data-element_type=\"widget\" data-widget_type=\"button.default\">\n\t\t\t\t<div class=\"elementor-widget-container\">\n\t\t\t\t\t\t\t\t\t<div class=\"elementor-button-wrapper\">\n\t\t\t\t\t<a class=\"elementor-button elementor-button-link elementor-size-sm\" href=\"http:\/\/royale-confrerie-maitrank.be\/index.php\/membres\/conseil-d-administration\/\">\n\t\t\t\t\t\t<span class=\"elementor-button-content-wrapper\">\n\t\t\t\t\t\t<span class=\"elementor-button-icon\">\n\t\t\t\t<svg aria-hidden=\"true\" class=\"e-font-icon-svg e-fas-angle-double-right\" viewBox=\"0 0 448 512\" xmlns=\"http:\/\/www.w3.org\/2000\/svg\"><path d=\"M224.3 273l-136 136c-9.4 9.4-24.6 9.4-33.9 0l-22.6-22.6c-9.4-9.4-9.4-24.6 0-33.9l96.4-96.4-96.4-96.4c-9.4-9.4-9.4-24.6 0-33.9L54.3 103c9.4-9.4 24.6-9.4 33.9 0l136 136c9.5 9.4 9.5 24.6.1 34zm192-34l-136-136c-9.4-9.4-24.6-9.4-33.9 0l-22.6 22.6c-9.4 9.4-9.4 24.6 0 33.9l96.4 96.4-96.4 96.4c-9.4 9.4-9.4 24.6 0 33.9l22.6 22.6c9.4 9.4 24.6 9.4 33.9 0l136-136c9.4-9.2 9.4-24.4 0-33.8z\"><\/path><\/svg>\t\t\t<\/span>\n\t\t\t\t\t\t\t\t\t<span class=\"elementor-button-text\">En savoir plus sur Nos instances<\/span>\n\t\t\t\t\t<\/span>\n\t\t\t\t\t<\/a>\n\t\t\t\t<\/div>\n\t\t\t\t\t\t\t\t<\/div>\n\t\t\t\t<\/div>\n\t\t\t\t<div class=\"elementor-element elementor-element-bdacae8 elementor-widget elementor-widget-heading\" data-id=\"bdacae8\" data-element_type=\"widget\" data-widget_type=\"heading.default\">\n\t\t\t\t<div class=\"elementor-widget-container\">\n\t\t\t\t\t<h2 class=\"elementor-heading-title elementor-size-default\">La Hi\u00e9rarchie<\/h2>\t\t\t\t<\/div>\n\t\t\t\t<\/div>\n\t\t\t\t<div class=\"elementor-element elementor-element-99076b9 elementor-widget elementor-widget-text-editor\" data-id=\"99076b9\" data-element_type=\"widget\" data-widget_type=\"text-editor.default\">\n\t\t\t\t<div class=\"elementor-widget-container\">\n\t\t\t\t\t\t\t\t\tChaque ann\u00e9e, lors du Chapitre du deuxi\u00e8me dimanche de mai, la Confr\u00e9rie intronise ses membres selon une hi\u00e9rarchie bien d\u00e9finie. Les <span style=\"font-weight: 600;\">Aspirants<\/span> entament leur chemin, devenant <span style=\"font-weight: 600;\">Compagnons<\/span> apr\u00e8s trois ans. Trois ann\u00e9es suppl\u00e9mentaires leur ouvrent la possibilit\u00e9 de devenir <span style=\"font-weight: 600;\">\u00c9chansons<\/span>, portant alors l\u2019habit officiel et s\u2019engageant \u00e0 repr\u00e9senter la Confr\u00e9rie lors d\u2019au moins deux Chapitres chez des confr\u00e9ries amies. Les <span style=\"font-weight: 600;\">\u00c9chansons d\u2019honneur<\/span>, r\u00e9serv\u00e9s \u00e0 des figures notables, incarnent le prestige. L\u2019Assembl\u00e9e G\u00e9n\u00e9rale, tenue le 2\u00e8me ou 3\u00e8me vendredi de mars, r\u00e9unit tous les membres pour fa\u00e7onner l\u2019avenir de cette tradition.\t\t\t\t\t\t\t\t<\/div>\n\t\t\t\t<\/div>\n\t\t\t\t<div class=\"elementor-element elementor-element-1c2e4d62 elementor-widget elementor-widget-button\" data-id=\"1c2e4d62\" data-element_type=\"widget\" data-widget_type=\"button.default\">\n\t\t\t\t<div class=\"elementor-widget-container\">\n\t\t\t\t\t\t\t\t\t<div class=\"elementor-button-wrapper\">\n\t\t\t\t\t<a class=\"elementor-button elementor-button-link elementor-size-sm\" href=\"http:\/\/royale-confrerie-maitrank.be\/index.php\/membres\/hierarchie\/\">\n\t\t\t\t\t\t<span class=\"elementor-button-content-wrapper\">\n\t\t\t\t\t\t<span class=\"elementor-button-icon\">\n\t\t\t\t<svg aria-hidden=\"true\" class=\"e-font-icon-svg e-fas-angle-double-right\" viewBox=\"0 0 448 512\" xmlns=\"http:\/\/www.w3.org\/2000\/svg\"><path d=\"M224.3 273l-136 136c-9.4 9.4-24.6 9.4-33.9 0l-22.6-22.6c-9.4-9.4-9.4-24.6 0-33.9l96.4-96.4-96.4-96.4c-9.4-9.4-9.4-24.6 0-33.9L54.3 103c9.4-9.4 24.6-9.4 33.9 0l136 136c9.5 9.4 9.5 24.6.1 34zm192-34l-136-136c-9.4-9.4-24.6-9.4-33.9 0l-22.6 22.6c-9.4 9.4-9.4 24.6 0 33.9l96.4 96.4-96.4 96.4c-9.4 9.4-9.4 24.6 0 33.9l22.6 22.6c9.4 9.4 24.6 9.4 33.9 0l136-136c9.4-9.2 9.4-24.4 0-33.8z\"><\/path><\/svg>\t\t\t<\/span>\n\t\t\t\t\t\t\t\t\t<span class=\"elementor-button-text\">D\u00e9couvrir la Hi\u00e9rarchie<\/span>\n\t\t\t\t\t<\/span>\n\t\t\t\t\t<\/a>\n\t\t\t\t<\/div>\n\t\t\t\t\t\t\t\t<\/div>\n\t\t\t\t<\/div>\n\t\t\t\t\t<\/div>\n\t\t\t\t<\/div>\n\t\t\t\t<\/div>\n\t\t","protected":false},"excerpt":{"rendered":"<p>Les Membres de la Confr\u00e9rie Le Conseil d&rsquo;Administration La Royale Confr\u00e9rie du Maitrank d\u2019Arlon, en tant qu\u2019ASBL respectant la l\u00e9gislation belge, est pilot\u00e9e par un Conseil d\u2019Administration compos\u00e9 de 16 Grands \u00c9chansons. Ces membres, \u00e9lus pour un mandat de quatre ans renouvelable par moiti\u00e9 tous les deux ans, se r\u00e9unissent mensuellement \u2013 g\u00e9n\u00e9ralement le premier [&hellip;]<\/p>\n","protected":false},"author":1,"featured_media":0,"parent":0,"menu_order":0,"comment_status":"closed","ping_status":"closed","template":"","meta":{"_acf_changed":false,"footnotes":""},"class_list":["post-850","page","type-page","status-publish","hentry"],"acf":[],"_links":{"self":[{"href":"https:\/\/royale-confrerie-maitrank.be\/index.php\/wp-json\/wp\/v2\/pages\/850","targetHints":{"allow":["GET"]}}],"collection":[{"href":"https:\/\/royale-confrerie-maitrank.be\/index.php\/wp-json\/wp\/v2\/pages"}],"about":[{"href":"https:\/\/royale-confrerie-maitrank.be\/index.php\/wp-json\/wp\/v2\/types\/page"}],"author":[{"embeddable":true,"href":"https:\/\/royale-confrerie-maitrank.be\/index.php\/wp-json\/wp\/v2\/users\/1"}],"replies":[{"embeddable":true,"href":"https:\/\/royale-confrerie-maitrank.be\/index.php\/wp-json\/wp\/v2\/comments?post=850"}],"version-history":[{"count":7,"href":"https:\/\/royale-confrerie-maitrank.be\/index.php\/wp-json\/wp\/v2\/pages\/850\/revisions"}],"predecessor-version":[{"id":971,"href":"https:\/\/royale-confrerie-maitrank.be\/index.php\/wp-json\/wp\/v2\/pages\/850\/revisions\/971"}],"wp:attachment":[{"href":"https:\/\/royale-confrerie-maitrank.be\/index.php\/wp-json\/wp\/v2\/media?parent=850"}],"curies":[{"name":"wp","href":"https:\/\/api.w.org\/{rel}","templated":true}]}}