{"id":852,"date":"2025-03-14T14:07:21","date_gmt":"2025-03-14T13:07:21","guid":{"rendered":"http:\/\/lyulewc.cluster100.hosting.ovh.net\/?page_id=852"},"modified":"2025-03-14T15:34:42","modified_gmt":"2025-03-14T14:34:42","slug":"hierarchie","status":"publish","type":"page","link":"https:\/\/royale-confrerie-maitrank.be\/index.php\/membres\/hierarchie\/","title":{"rendered":"Hi\u00e9rarchie"},"content":{"rendered":"\t\t<div data-elementor-type=\"wp-page\" data-elementor-id=\"852\" class=\"elementor elementor-852\" data-elementor-post-type=\"page\">\n\t\t\t\t<div class=\"elementor-element elementor-element-4b0c14dd e-con-full e-flex e-con e-parent\" data-id=\"4b0c14dd\" data-element_type=\"container\" data-settings=\"{&quot;background_background&quot;:&quot;classic&quot;}\">\n\t\t\t\t<\/div>\n\t\t<div class=\"elementor-element elementor-element-261bc8c5 e-con-full e-flex e-con e-parent\" data-id=\"261bc8c5\" data-element_type=\"container\" data-settings=\"{&quot;background_background&quot;:&quot;classic&quot;}\">\n\t\t\t\t<div class=\"elementor-element elementor-element-75ed7105 elementor-widget elementor-widget-heading\" data-id=\"75ed7105\" data-element_type=\"widget\" data-widget_type=\"heading.default\">\n\t\t\t\t<div class=\"elementor-widget-container\">\n\t\t\t\t\t<h1 class=\"elementor-heading-title elementor-size-default\">La Hi\u00e9rarchie<\/h1>\t\t\t\t<\/div>\n\t\t\t\t<\/div>\n\t\t\t\t<\/div>\n\t\t<div class=\"elementor-element elementor-element-62fb19bf e-flex e-con-boxed e-con e-parent\" data-id=\"62fb19bf\" data-element_type=\"container\">\n\t\t\t\t\t<div class=\"e-con-inner\">\n\t\t\t\t<div class=\"elementor-element elementor-element-549abfa8 elementor-widget elementor-widget-text-editor\" data-id=\"549abfa8\" data-element_type=\"widget\" data-widget_type=\"text-editor.default\">\n\t\t\t\t<div class=\"elementor-widget-container\">\n\t\t\t\t\t\t\t\t\tLa Royale Confr\u00e9rie du Maitrank d\u2019Arlon repose sur une hi\u00e9rarchie qui c\u00e9l\u00e8bre l\u2019engagement et le prestige de ses membres. Le parcours d\u00e9bute avec les <span style=\"font-weight:600;\">Aspirants<\/span>, initi\u00e9s lors du Chapitre annuel, le deuxi\u00e8me dimanche de mai. Apr\u00e8s trois ans, ils deviennent <span style=\"font-weight:600;\">Compagnons<\/span>, puis, trois ann\u00e9es plus tard, acc\u00e8dent au rang d\u2019<span style=\"font-weight:600;\">\u00c9chansons<\/span>, pr\u00eats \u00e0 incarner la confr\u00e9rie. Parmi eux, les <span style=\"font-weight:600;\">\u00c9chansons porteurs de capes ou robes<\/span> se distinguent par leur tenue officielle, symbole de leur d\u00e9vouement. Les <span style=\"font-weight:600;\">\u00c9chansons d\u2019Honneur<\/span>, personnalit\u00e9s \u00e9minentes, honorent la confr\u00e9rie de leur renom. Au sommet, les <span style=\"font-weight:600;\">Grands \u00c9chansons<\/span>, au nombre de 16, dirigent l\u2019ASBL avec passion, \u00e9lus pour quatre ans par l\u2019Assembl\u00e9e G\u00e9n\u00e9rale de mars. Chaque \u00e9chelon refl\u00e8te la mission sacr\u00e9e : porter haut le Maitrank et l\u2019esprit d\u2019Arlon.\t\t\t\t\t\t\t\t<\/div>\n\t\t\t\t<\/div>\n\t\t\t\t<div class=\"elementor-element elementor-element-a7a04a0 e-n-tabs-mobile elementor-widget elementor-widget-n-tabs\" data-id=\"a7a04a0\" data-element_type=\"widget\" data-settings=\"{&quot;tabs_justify_horizontal&quot;:&quot;stretch&quot;,&quot;horizontal_scroll&quot;:&quot;disable&quot;}\" data-widget_type=\"nested-tabs.default\">\n\t\t\t\t<div class=\"elementor-widget-container\">\n\t\t\t\t\t\t\t<div class=\"e-n-tabs\" data-widget-number=\"175768736\" aria-label=\"Onglets. Ouvrez des \u00e9l\u00e9ments avec Entrer ou Espace, fermez-les avec Echape et naviguez \u00e0 l&#039;aide des touches fl\u00e9ch\u00e9es.\">\n\t\t\t<div class=\"e-n-tabs-heading\" role=\"tablist\">\n\t\t\t\t\t<button id=\"e-n-tab-title-1757687361\" class=\"e-n-tab-title\" aria-selected=\"true\" data-tab-index=\"1\" role=\"tab\" tabindex=\"0\" aria-controls=\"e-n-tab-content-1757687361\" style=\"--n-tabs-title-order: 1;\">\n\t\t\t\t\t\t<span class=\"e-n-tab-title-text\">\n\t\t\t\tAspirant\t\t\t<\/span>\n\t\t<\/button>\n\t\t\t\t<button id=\"e-n-tab-title-1757687362\" class=\"e-n-tab-title\" aria-selected=\"false\" data-tab-index=\"2\" role=\"tab\" tabindex=\"-1\" aria-controls=\"e-n-tab-content-1757687362\" style=\"--n-tabs-title-order: 2;\">\n\t\t\t\t\t\t<span class=\"e-n-tab-title-text\">\n\t\t\t\tCompagnons\t\t\t<\/span>\n\t\t<\/button>\n\t\t\t\t<button id=\"e-n-tab-title-1757687363\" class=\"e-n-tab-title\" aria-selected=\"false\" data-tab-index=\"3\" role=\"tab\" tabindex=\"-1\" aria-controls=\"e-n-tab-content-1757687363\" style=\"--n-tabs-title-order: 3;\">\n\t\t\t\t\t\t<span class=\"e-n-tab-title-text\">\n\t\t\t\t\u00c9chansons\t\t\t<\/span>\n\t\t<\/button>\n\t\t\t\t<button id=\"e-n-tab-title-1757687364\" class=\"e-n-tab-title\" aria-selected=\"false\" data-tab-index=\"4\" role=\"tab\" tabindex=\"-1\" aria-controls=\"e-n-tab-content-1757687364\" style=\"--n-tabs-title-order: 4;\">\n\t\t\t\t\t\t<span class=\"e-n-tab-title-text\">\n\t\t\t\t\u00c9chansons porteurs de capes ou robes\t\t\t<\/span>\n\t\t<\/button>\n\t\t\t\t<button id=\"e-n-tab-title-1757687365\" class=\"e-n-tab-title\" aria-selected=\"false\" data-tab-index=\"5\" role=\"tab\" tabindex=\"-1\" aria-controls=\"e-n-tab-content-1757687365\" style=\"--n-tabs-title-order: 5;\">\n\t\t\t\t\t\t<span class=\"e-n-tab-title-text\">\n\t\t\t\t\u00c9chansons d'honneur\t\t\t<\/span>\n\t\t<\/button>\n\t\t\t\t<button id=\"e-n-tab-title-1757687366\" class=\"e-n-tab-title\" aria-selected=\"false\" data-tab-index=\"6\" role=\"tab\" tabindex=\"-1\" aria-controls=\"e-n-tab-content-1757687366\" style=\"--n-tabs-title-order: 6;\">\n\t\t\t\t\t\t<span class=\"e-n-tab-title-text\">\n\t\t\t\tGrands \u00c9chansons\t\t\t<\/span>\n\t\t<\/button>\n\t\t\t\t\t<\/div>\n\t\t\t<div class=\"e-n-tabs-content\">\n\t\t\t\t<div id=\"e-n-tab-content-1757687361\" role=\"tabpanel\" aria-labelledby=\"e-n-tab-title-1757687361\" data-tab-index=\"1\" style=\"--n-tabs-title-order: 1;\" class=\"e-active elementor-element elementor-element-4d00947 e-con-full e-flex e-con e-child\" data-id=\"4d00947\" data-element_type=\"container\">\n\t\t\t\t<div class=\"elementor-element elementor-element-f3cec8d elementor-widget elementor-widget-text-editor\" data-id=\"f3cec8d\" data-element_type=\"widget\" data-widget_type=\"text-editor.default\">\n\t\t\t\t<div class=\"elementor-widget-container\">\n\t\t\t\t\t\t\t\t\t<p>D\u00e9sirant rajeunir la confr\u00e9rie \u00e0 la base, le conseil d\u2019administration d\u00e9cida de cr\u00e9er un nouveau grade auquel il donna le nom d\u2019 \u00ab aspirant \u00bb. C\u2019\u00e9tait \u00e0 la r\u00e9union du Grand Conseil du\u2026\u2026 Cette proposition fut accept\u00e9e \u00e0 l\u2019unanimit\u00e9 lors de l\u2019assembl\u00e9e g\u00e9n\u00e9rale du 16 mars 2007. La premi\u00e8re \u00ab aspirante \u00bb sera Melle Astrid BUYL, \u00e9tudiante, fille de notre consoeur Katarina DE BEIR. Elle a \u00e9t\u00e9 intronis\u00e9e lors du 45\u00e8me chapitre ordinaire que nous avons tenu le dimanche 11 mai 2008. Les aspirants portent une m\u00e9daille en \u00e9tain repr\u00e9sentant la dame \u00e0 la coupe, symbole de la confr\u00e9rie.<\/p><p>Si apr\u00e8s 3 ans de bons et loyaux services, s\u2019ils le d\u00e9sirent et si le Grand Conseil estime leur engagement suffisant, les Aspirants acc\u00e8deront au rang de Compagnon lors du chapitre ordinaire de la confr\u00e9rie.<\/p>\t\t\t\t\t\t\t\t<\/div>\n\t\t\t\t<\/div>\n\t\t\t\t<\/div>\n\t\t<div id=\"e-n-tab-content-1757687362\" role=\"tabpanel\" aria-labelledby=\"e-n-tab-title-1757687362\" data-tab-index=\"2\" style=\"--n-tabs-title-order: 2;\" class=\" elementor-element elementor-element-b86b22d e-con-full e-flex e-con e-child\" data-id=\"b86b22d\" data-element_type=\"container\">\n\t\t\t\t<div class=\"elementor-element elementor-element-1b00246 elementor-widget elementor-widget-text-editor\" data-id=\"1b00246\" data-element_type=\"widget\" data-widget_type=\"text-editor.default\">\n\t\t\t\t<div class=\"elementor-widget-container\">\n\t\t\t\t\t\t\t\t\tTous les ans, lors du chapitre ordinaire de la Confr\u00e9rie (2\u00e8me dimanche de mai), cette derni\u00e8re intronise une douzaine de personnalit\u00e9s que le Grand Conseil (conseil d\u2019administration) a jug\u00e9 dignes de repr\u00e9senter la ville d\u2019ARLON puisque le premier objectif de la confr\u00e9rie est de porter haut et loin le renom de la ville via notre divine boisson. Ces personnalit\u00e9s se sont fait remarquer par leur d\u00e9vouement ou leur charisme dans  leur vie professionnelle ou dans un domaine quelconque de la vie sociale d\u2019Arlon et des environs. Elles peuvent aussi \u00eatre intronis\u00e9es  pour leur d\u00e9vouement \u00e0 la cause de la confr\u00e9rie et\/ou du Maitrank. Les compagnons portent la m\u00e9daille \u00e9maill\u00e9e blanc et bleu avec la coupe et portant la mention \u00ab MAITRANK ME PLAIT \u00bb. Elle est suspendue par un ruban vert et jaune (couleurs de la confr\u00e9rie).\t\t\t\t\t\t\t\t<\/div>\n\t\t\t\t<\/div>\n\t\t\t\t<\/div>\n\t\t<div id=\"e-n-tab-content-1757687363\" role=\"tabpanel\" aria-labelledby=\"e-n-tab-title-1757687363\" data-tab-index=\"3\" style=\"--n-tabs-title-order: 3;\" class=\" elementor-element elementor-element-f2839bd e-con-full e-flex e-con e-child\" data-id=\"f2839bd\" data-element_type=\"container\">\n\t\t\t\t<div class=\"elementor-element elementor-element-7480aa3 elementor-widget elementor-widget-text-editor\" data-id=\"7480aa3\" data-element_type=\"widget\" data-widget_type=\"text-editor.default\">\n\t\t\t\t<div class=\"elementor-widget-container\">\n\t\t\t\t\t\t\t\t\t<p>Apr\u00e8s trois ann\u00e9es de bons et loyaux services, les Compagnons \u00a0en ordre de cotisation peuvent acc\u00e9der, s\u2019ils le d\u00e9sirent, au grade d\u2019Echanson. En sus de leur m\u00e9daille \u00e9maill\u00e9e, ils portent alors sur leur \u00e9paule gauche une \u00e9pitoge de velours vert bord\u00e9e de velours jaune or (couleurs de la confr\u00e9rie).<\/p>\t\t\t\t\t\t\t\t<\/div>\n\t\t\t\t<\/div>\n\t\t\t\t<\/div>\n\t\t<div id=\"e-n-tab-content-1757687364\" role=\"tabpanel\" aria-labelledby=\"e-n-tab-title-1757687364\" data-tab-index=\"4\" style=\"--n-tabs-title-order: 4;\" class=\" elementor-element elementor-element-a66d5d6 e-flex e-con-boxed e-con e-child\" data-id=\"a66d5d6\" data-element_type=\"container\">\n\t\t\t\t\t<div class=\"e-con-inner\">\n\t\t\t\t<div class=\"elementor-element elementor-element-11affd4 elementor-widget elementor-widget-text-editor\" data-id=\"11affd4\" data-element_type=\"widget\" data-widget_type=\"text-editor.default\">\n\t\t\t\t<div class=\"elementor-widget-container\">\n\t\t\t\t\t\t\t\t\tLes Echansons qui d\u00e9sirent s\u2019investir plus dans la vie de la confr\u00e9rie peuvent demander \u00e0 porter la cape (pour les dames) ou la robe (pour les messieurs). Si le Grand Conseil de la confr\u00e9rie accepte leur demande, ils pourront porter la tenue de la confr\u00e9rie (cfr. chapitre tenues) et ils s\u2019engagent alors \u00e0 repr\u00e9senter la confr\u00e9rie \u00e0 au moins deux chapitres de confr\u00e9ries amies par an. Si un couple demande \u00e0 porter l\u2019habit, chacun des  conjoints doit repr\u00e9senter la confr\u00e9rie \u00e0 deux chapitres distincts de son conjoint. S\u2019ils  sortent en couple, ils devront donc repr\u00e9senter la confr\u00e9rie du Maitrank \u00e0 quatre chapitres de confr\u00e9ries amies par an.\t\t\t\t\t\t\t\t<\/div>\n\t\t\t\t<\/div>\n\t\t\t\t\t<\/div>\n\t\t\t\t<\/div>\n\t\t<div id=\"e-n-tab-content-1757687365\" role=\"tabpanel\" aria-labelledby=\"e-n-tab-title-1757687365\" data-tab-index=\"5\" style=\"--n-tabs-title-order: 5;\" class=\" elementor-element elementor-element-5175641 e-flex e-con-boxed e-con e-child\" data-id=\"5175641\" data-element_type=\"container\">\n\t\t\t\t\t<div class=\"e-con-inner\">\n\t\t\t\t<div class=\"elementor-element elementor-element-0fa9061 elementor-widget elementor-widget-text-editor\" data-id=\"0fa9061\" data-element_type=\"widget\" data-widget_type=\"text-editor.default\">\n\t\t\t\t<div class=\"elementor-widget-container\">\n\t\t\t\t\t\t\t\t\tChaque ann\u00e9e, lors de son chapitre ordinaire, la confr\u00e9rie intronise des personnalit\u00e9s remarquables (d\u00e9put\u00e9s, ministres, hauts dignitaires, ambassadeurs, professeurs d\u2019universit\u00e9s, \u2026). Ils portent la m\u00e9daille \u00e9maill\u00e9e suspendue par un ruban de couleurs bleu et blanc (les couleurs de la ville d\u2019Arlon).\t\t\t\t\t\t\t\t<\/div>\n\t\t\t\t<\/div>\n\t\t\t\t\t<\/div>\n\t\t\t\t<\/div>\n\t\t<div id=\"e-n-tab-content-1757687366\" role=\"tabpanel\" aria-labelledby=\"e-n-tab-title-1757687366\" data-tab-index=\"6\" style=\"--n-tabs-title-order: 6;\" class=\" elementor-element elementor-element-2ff2f59 e-flex e-con-boxed e-con e-child\" data-id=\"2ff2f59\" data-element_type=\"container\">\n\t\t\t\t\t<div class=\"e-con-inner\">\n\t\t\t\t<div class=\"elementor-element elementor-element-c4e8cff elementor-widget elementor-widget-text-editor\" data-id=\"c4e8cff\" data-element_type=\"widget\" data-widget_type=\"text-editor.default\">\n\t\t\t\t<div class=\"elementor-widget-container\">\n\t\t\t\t\t\t\t\t\tIls forment le conseil d\u2019administration de la confr\u00e9rie et sont \u00e9lus par l\u2019assembl\u00e9e g\u00e9n\u00e9rale. Le conseil d\u2019administration est compos\u00e9s de 16 administrateurs \u00e9lus par moiti\u00e9 pour 4 ans tous les deux ans. Ils portent la cape ou la robe et doivent donc remplir les obligations de cette fonction (cfr. Ci-dessus). Leur b\u00e9ret est vert et la m\u00e9daille \u00e9maill\u00e9e est suspendue par un ruban quadricolore (blanc et bleu pour la ville d\u2019Arlon et jaune et vert pour la confr\u00e9rie). Ils sont la direction de la confr\u00e9rie et se r\u00e9unissent tous les premiers vendredis du mois en conseil d\u2019administration (appel\u00e9 Grand Conseil).\t\t\t\t\t\t\t\t<\/div>\n\t\t\t\t<\/div>\n\t\t\t\t\t<\/div>\n\t\t\t\t<\/div>\n\t\t\t\t\t<\/div>\n\t\t<\/div>\n\t\t\t\t\t\t<\/div>\n\t\t\t\t<\/div>\n\t\t\t\t\t<\/div>\n\t\t\t\t<\/div>\n\t\t\t\t<\/div>\n\t\t","protected":false},"excerpt":{"rendered":"<p>La Hi\u00e9rarchie La Royale Confr\u00e9rie du Maitrank d\u2019Arlon repose sur une hi\u00e9rarchie qui c\u00e9l\u00e8bre l\u2019engagement et le prestige de ses membres. Le parcours d\u00e9bute avec les Aspirants, initi\u00e9s lors du Chapitre annuel, le deuxi\u00e8me dimanche de mai. Apr\u00e8s trois ans, ils deviennent Compagnons, puis, trois ann\u00e9es plus tard, acc\u00e8dent au rang d\u2019\u00c9chansons, pr\u00eats \u00e0 incarner [&hellip;]<\/p>\n","protected":false},"author":1,"featured_media":0,"parent":850,"menu_order":0,"comment_status":"closed","ping_status":"closed","template":"","meta":{"_acf_changed":false,"footnotes":""},"class_list":["post-852","page","type-page","status-publish","hentry"],"acf":[],"_links":{"self":[{"href":"https:\/\/royale-confrerie-maitrank.be\/index.php\/wp-json\/wp\/v2\/pages\/852","targetHints":{"allow":["GET"]}}],"collection":[{"href":"https:\/\/royale-confrerie-maitrank.be\/index.php\/wp-json\/wp\/v2\/pages"}],"about":[{"href":"https:\/\/royale-confrerie-maitrank.be\/index.php\/wp-json\/wp\/v2\/types\/page"}],"author":[{"embeddable":true,"href":"https:\/\/royale-confrerie-maitrank.be\/index.php\/wp-json\/wp\/v2\/users\/1"}],"replies":[{"embeddable":true,"href":"https:\/\/royale-confrerie-maitrank.be\/index.php\/wp-json\/wp\/v2\/comments?post=852"}],"version-history":[{"count":28,"href":"https:\/\/royale-confrerie-maitrank.be\/index.php\/wp-json\/wp\/v2\/pages\/852\/revisions"}],"predecessor-version":[{"id":977,"href":"https:\/\/royale-confrerie-maitrank.be\/index.php\/wp-json\/wp\/v2\/pages\/852\/revisions\/977"}],"up":[{"embeddable":true,"href":"https:\/\/royale-confrerie-maitrank.be\/index.php\/wp-json\/wp\/v2\/pages\/850"}],"wp:attachment":[{"href":"https:\/\/royale-confrerie-maitrank.be\/index.php\/wp-json\/wp\/v2\/media?parent=852"}],"curies":[{"name":"wp","href":"https:\/\/api.w.org\/{rel}","templated":true}]}}